{"id":10,"date":"2021-10-20T10:39:50","date_gmt":"2021-10-20T08:39:50","guid":{"rendered":"https:\/\/zornige-ameise.app\/?page_id=10"},"modified":"2026-03-01T13:05:19","modified_gmt":"2026-03-01T12:05:19","slug":"die-ausflugsgastronomie-an-der-bevertalsperre-im-bergischen-land","status":"publish","type":"page","link":"https:\/\/zornige-ameise.app\/startseite\/","title":{"rendered":"Startseite"},"content":{"rendered":"<section class=\"wpb-content-wrapper\"><section class=\"l-section wpb_row us_custom_0ff607e9 has_text_color height_auto\"><div class=\"l-section-h i-cf\"><div class=\"g-cols vc_row via_flex valign_top type_default stacking_default\"><div class=\"vc_col-sm-12 wpb_column vc_column_container\"><div class=\"vc_column-inner\"><div class=\"wpb_wrapper\"><div class=\"wpb_text_column us_custom_a4ebe4e2 with_collapsible_content\" data-content-height=\"200px\"><div class=\"wpb_wrapper\"><h3><span style=\"color: #ffffff;\">AKTUELLE NEWS: Wir haben wieder ge\u00f6ffnet!<\/span><\/h3>\n<\/div><div class=\"toggle-links align_none\"><button class=\"collapsible-content-more\">Show More<\/button><button class=\"collapsible-content-less\">Show Less<\/button><\/div><\/div><\/div><\/div><\/div><\/div><\/div><\/section><section class=\"l-section wpb_row us_custom_887a049b height_small with_slider\"><div class=\"l-section-slider\"><div class=\"w-slider style_none fit_cover\"><div class=\"w-slider-h\"><div class=\"royalSlider\"><div class=\"rsContent\"><a class=\"rsImg\" data-rsw=\"512\" data-rsh=\"341\" href=\"https:\/\/zornige-ameise.app\/wp-content\/uploads\/Front-mit-See.jpg\"><span data-alt=\"\"><\/span><\/a><\/div><\/div><img decoding=\"async\" src=\"https:\/\/zornige-ameise.app\/wp-content\/uploads\/Front-mit-See.jpg\" width=\"512\" height=\"341\" alt loading=\"lazy\"><\/div><div class=\"w-slider-json\" onclick='return {&quot;loop&quot;:true,&quot;fadeInLoadedSlide&quot;:false,&quot;slidesSpacing&quot;:0,&quot;imageScalePadding&quot;:0,&quot;numImagesToPreload&quot;:2,&quot;arrowsNav&quot;:false,&quot;arrowsNavAutoHide&quot;:false,&quot;transitionType&quot;:&quot;fade&quot;,&quot;transitionSpeed&quot;:1000,&quot;block&quot;:{&quot;moveEffect&quot;:&quot;none&quot;,&quot;speed&quot;:300},&quot;controlNavigation&quot;:&quot;none&quot;,&quot;autoplay&quot;:{&quot;enabled&quot;:true,&quot;pauseOnHover&quot;:false,&quot;delay&quot;:5000},&quot;imageScaleMode&quot;:&quot;fill&quot;,&quot;autoScaleSlider&quot;:true,&quot;autoScaleSliderWidth&quot;:512,&quot;autoScaleSliderHeight&quot;:341,&quot;fitInViewport&quot;:false}'><\/div><\/div><\/div><div class=\"l-section-h i-cf\"><div class=\"g-cols vc_row via_flex valign_top type_default stacking_default\"><div class=\"vc_col-sm-12 wpb_column vc_column_container\"><div class=\"vc_column-inner\"><div class=\"wpb_wrapper\"><div class=\"w-image us_custom_638031c5 style_shadow-2 align_center\"><div class=\"w-image-h\"><div class=\"w-image-shadow\" style=\"background-image:url(https:\/\/zornige-ameise.app\/wp-content\/uploads\/Webseiten-Bild-mit-Logo.jpg);\"><\/div><img loading=\"lazy\" decoding=\"async\" width=\"504\" height=\"262\" src=\"https:\/\/zornige-ameise.app\/wp-content\/uploads\/Webseiten-Bild-mit-Logo.jpg\" class=\"attachment-full size-full\" alt=\"Seeansicht mit Ameisen Logo\" srcset=\"https:\/\/zornige-ameise.app\/wp-content\/uploads\/Webseiten-Bild-mit-Logo.jpg 504w, https:\/\/zornige-ameise.app\/wp-content\/uploads\/Webseiten-Bild-mit-Logo-300x156.jpg 300w\" sizes=\"auto, (max-width: 504px) 100vw, 504px\" \/><\/div><\/div><div class=\"wpb_text_column us_custom_4772ad6f\"><div class=\"wpb_wrapper\"><h2><\/h2>\n<h2 style=\"text-align: center;\"><span style=\"color: #ffffff;\">Liebe G\u00e4ste und Freunde der Zornigen Ameise.<br \/>\n<\/span><\/h2>\n<h2 style=\"text-align: center;\"><span style=\"color: #ffffff;\">Zur Zeit geschlossen!<br \/>\n******************************<\/span><\/h2>\n<h2 style=\"text-align: center;\"><\/h2>\n<\/div><\/div>[vc_widget_sidebar sidebar_id=&#8220;default_sidebar&#8220; el_id=&#8220;wetter&#8220;]<\/div><\/div><\/div><\/div><\/div><\/section><section class=\"l-section wpb_row height_medium\"><div class=\"l-section-h i-cf\"><div class=\"g-cols vc_row via_flex valign_top type_default stacking_default\"><div class=\"vc_col-sm-12 wpb_column vc_column_container\"><div class=\"vc_column-inner\"><div class=\"wpb_wrapper\"><div class=\"g-cols wpb_row via_flex valign_middle type_default stacking_default\"><div class=\"vc_col-sm-6 wpb_column vc_column_container\"><div class=\"vc_column-inner\"><div class=\"wpb_wrapper\"><div class=\"w-image align_none\"><div class=\"w-image-h\"><img loading=\"lazy\" decoding=\"async\" width=\"1024\" height=\"682\" src=\"https:\/\/zornige-ameise.app\/wp-content\/uploads\/PHOTO-2021-10-09-23-19-39-1024x682.jpg\" class=\"attachment-large size-large\" alt=\"Eingang zur Zornigen Ameise\" srcset=\"https:\/\/zornige-ameise.app\/wp-content\/uploads\/PHOTO-2021-10-09-23-19-39-1024x682.jpg 1024w, https:\/\/zornige-ameise.app\/wp-content\/uploads\/PHOTO-2021-10-09-23-19-39-300x200.jpg 300w, https:\/\/zornige-ameise.app\/wp-content\/uploads\/PHOTO-2021-10-09-23-19-39.jpg 1600w\" sizes=\"auto, (max-width: 1024px) 100vw, 1024px\" \/><\/div><\/div><\/div><\/div><\/div><div class=\"vc_col-sm-6 wpb_column vc_column_container\"><div class=\"vc_column-inner\"><div class=\"wpb_wrapper\"><div class=\"wpb_text_column us_custom_49f317a8\"><div class=\"wpb_wrapper\"><p>Die \u201e<span style=\"color: #ff00ff;\">Zornige Ameise<\/span>\u201c ist eine einzigartige Ausflugsgastronomie in Mitten der Natur an der Bever-Talsperre.<\/p>\n<\/div><\/div><\/div><\/div><\/div><\/div><div class=\"w-separator size_custom\" style=\"height:4em\"><\/div><div class=\"g-cols wpb_row via_flex valign_middle type_default reversed stacking_default\"><div class=\"vc_col-sm-6 wpb_column vc_column_container\"><div class=\"vc_column-inner\"><div class=\"wpb_wrapper\"><div class=\"wpb_text_column us_custom_49f317a8\"><div class=\"wpb_wrapper\"><p>Genie\u00dfen Sie in unserem Biergarten die hervorragende Qualit\u00e4t unserer K\u00fcche in geselliger und idyllischer Atmosph\u00e4re.<\/p>\n<\/div><\/div><\/div><\/div><\/div><div class=\"vc_col-sm-6 wpb_column vc_column_container\"><div class=\"vc_column-inner\"><div class=\"wpb_wrapper\"><div class=\"w-image align_none\"><div class=\"w-image-h\"><img loading=\"lazy\" decoding=\"async\" width=\"1024\" height=\"682\" src=\"https:\/\/zornige-ameise.app\/wp-content\/uploads\/PHOTO-2021-10-09-23-19-38-2-1024x682.jpg\" class=\"attachment-large size-large\" alt=\"\" srcset=\"https:\/\/zornige-ameise.app\/wp-content\/uploads\/PHOTO-2021-10-09-23-19-38-2-1024x682.jpg 1024w, https:\/\/zornige-ameise.app\/wp-content\/uploads\/PHOTO-2021-10-09-23-19-38-2-300x200.jpg 300w, https:\/\/zornige-ameise.app\/wp-content\/uploads\/PHOTO-2021-10-09-23-19-38-2.jpg 1600w\" sizes=\"auto, (max-width: 1024px) 100vw, 1024px\" \/><\/div><\/div><\/div><\/div><\/div><\/div><div class=\"w-separator size_custom\" style=\"height:4em\"><\/div><div class=\"g-cols wpb_row via_flex valign_middle type_default stacking_default\"><div class=\"vc_col-sm-6 wpb_column vc_column_container\"><div class=\"vc_column-inner\"><div class=\"wpb_wrapper\"><div class=\"w-image align_none\"><div class=\"w-image-h\"><img loading=\"lazy\" decoding=\"async\" width=\"950\" height=\"526\" src=\"https:\/\/zornige-ameise.app\/wp-content\/uploads\/Liegewiese-im-Sommer.jpg\" class=\"attachment-large size-large\" alt=\"\" srcset=\"https:\/\/zornige-ameise.app\/wp-content\/uploads\/Liegewiese-im-Sommer.jpg 950w, https:\/\/zornige-ameise.app\/wp-content\/uploads\/Liegewiese-im-Sommer-300x166.jpg 300w\" sizes=\"auto, (max-width: 950px) 100vw, 950px\" \/><\/div><\/div><\/div><\/div><\/div><div class=\"vc_col-sm-6 wpb_column vc_column_container\"><div class=\"vc_column-inner\"><div class=\"wpb_wrapper\"><div class=\"wpb_text_column us_custom_49f317a8\"><div class=\"wpb_wrapper\"><p>An Sommer Tagen sind die Liegewiesen an der \u201eZornigen Ameise\u201c bei unseren Badefreunden und Wasser-Sportlern sehr begehrt.<\/p>\n<\/div><\/div><\/div><\/div><\/div><\/div><div class=\"w-separator size_custom\" style=\"height:4em\"><\/div><div class=\"g-cols wpb_row via_flex valign_middle type_default reversed stacking_default\"><div class=\"vc_col-sm-6 wpb_column vc_column_container\"><div class=\"vc_column-inner\"><div class=\"wpb_wrapper\"><div class=\"wpb_text_column us_custom_49f317a8\"><div class=\"wpb_wrapper\"><p>Ob jung oder alt, gro\u00df oder klein &#8211; hier ist f\u00fcr Alle was dabei!<br \/>\nVon Beginn an sind wir ein beliebter Treffpunkt f\u00fcr Wanderer, Fahrradfahrer und Motorradfahrer.<\/p>\n<p>.<\/p>\n<\/div><\/div><\/div><\/div><\/div><div class=\"vc_col-sm-6 wpb_column vc_column_container\"><div class=\"vc_column-inner\"><div class=\"wpb_wrapper\"><div class=\"w-image align_none\"><div class=\"w-image-h\"><img loading=\"lazy\" decoding=\"async\" width=\"962\" height=\"627\" src=\"https:\/\/zornige-ameise.app\/wp-content\/uploads\/Terrasse-mit-Segelboot-Gaeste-Sonne.jpg\" class=\"attachment-large size-large\" alt=\"\" srcset=\"https:\/\/zornige-ameise.app\/wp-content\/uploads\/Terrasse-mit-Segelboot-Gaeste-Sonne.jpg 962w, https:\/\/zornige-ameise.app\/wp-content\/uploads\/Terrasse-mit-Segelboot-Gaeste-Sonne-300x196.jpg 300w\" sizes=\"auto, (max-width: 962px) 100vw, 962px\" \/><\/div><\/div><\/div><\/div><\/div><\/div><div class=\"w-separator size_custom\" style=\"height:4em\"><\/div><div class=\"g-cols wpb_row via_flex valign_middle type_default stacking_default\"><div class=\"vc_col-sm-6 wpb_column vc_column_container\"><div class=\"vc_column-inner\"><div class=\"wpb_wrapper\"><div class=\"w-image align_none\"><div class=\"w-image-h\"><img loading=\"lazy\" decoding=\"async\" width=\"1024\" height=\"683\" src=\"https:\/\/zornige-ameise.app\/wp-content\/uploads\/ZA1-Jaegerschnitzel-mit-PommesAdobeStock_195701191-1024x683.jpeg\" class=\"attachment-large size-large\" alt=\"\" srcset=\"https:\/\/zornige-ameise.app\/wp-content\/uploads\/ZA1-Jaegerschnitzel-mit-PommesAdobeStock_195701191-1024x683.jpeg 1024w, https:\/\/zornige-ameise.app\/wp-content\/uploads\/ZA1-Jaegerschnitzel-mit-PommesAdobeStock_195701191-300x200.jpeg 300w\" sizes=\"auto, (max-width: 1024px) 100vw, 1024px\" \/><\/div><\/div><\/div><\/div><\/div><div class=\"vc_col-sm-6 wpb_column vc_column_container\"><div class=\"vc_column-inner\"><div class=\"wpb_wrapper\"><div class=\"wpb_text_column us_custom_49f317a8\"><div class=\"wpb_wrapper\"><p>Leckere Speisen und eine Vielzahl an erfrischenden Getr\u00e4nke.<br \/>\nBratwurst, Burger, Schnitzel &amp; Co. sowie Kaffee und Kuchen.<\/p>\n<\/div><\/div><\/div><\/div><\/div><\/div><div class=\"w-separator size_custom\" style=\"height:4em\"><\/div><div class=\"g-cols wpb_row via_flex valign_middle type_default stacking_default\"><div class=\"vc_col-sm-6 wpb_column vc_column_container\"><div class=\"vc_column-inner\"><div class=\"wpb_wrapper\"><div class=\"w-image align_center\"><div class=\"w-image-h\"><img loading=\"lazy\" decoding=\"async\" width=\"640\" height=\"640\" src=\"https:\/\/zornige-ameise.app\/wp-content\/uploads\/Aperol-Spritz-bearbeitet-640x640px.webp\" class=\"attachment-large size-large\" alt=\"\" srcset=\"https:\/\/zornige-ameise.app\/wp-content\/uploads\/Aperol-Spritz-bearbeitet-640x640px.webp 640w, https:\/\/zornige-ameise.app\/wp-content\/uploads\/Aperol-Spritz-bearbeitet-640x640px-300x300.webp 300w, https:\/\/zornige-ameise.app\/wp-content\/uploads\/Aperol-Spritz-bearbeitet-640x640px-150x150.webp 150w, https:\/\/zornige-ameise.app\/wp-content\/uploads\/Aperol-Spritz-bearbeitet-640x640px-600x600.webp 600w\" sizes=\"auto, (max-width: 640px) 100vw, 640px\" \/><\/div><\/div><\/div><\/div><\/div><div class=\"vc_col-sm-6 wpb_column vc_column_container\"><div class=\"vc_column-inner\"><div class=\"wpb_wrapper\"><div class=\"wpb_text_column us_custom_49f317a8\"><div class=\"wpb_wrapper\"><p>Sonne und leckere Getr\u00e4nke am See in Mitten der Natur an der Bever-Talsperre.<\/p>\n<\/div><\/div><\/div><\/div><\/div><\/div><div class=\"w-separator size_custom\" style=\"height:4em\"><\/div><div class=\"g-cols wpb_row via_flex valign_middle type_default reversed stacking_default\"><div class=\"vc_col-sm-6 wpb_column vc_column_container\"><div class=\"vc_column-inner\"><div class=\"wpb_wrapper\"><div class=\"wpb_text_column us_custom_49f317a8\"><div class=\"wpb_wrapper\"><div class=\"vc_col-sm-8 wpb_column vc_column_container\">\n<div class=\"vc_column-inner\">\n<div class=\"wpb_wrapper\">\n<div class=\"wpb_text_column\">\n<div class=\"wpb_wrapper\">\n<p>Leckeres Eis, verschiedene Sorten- jetzt probieren und in der Sonne genie\u00dfen\u2026<\/p>\n<\/div>\n<\/div>\n<\/div>\n<\/div>\n<\/div>\n<\/div><\/div><\/div><\/div><\/div><div class=\"vc_col-sm-6 wpb_column vc_column_container\"><div class=\"vc_column-inner\"><div class=\"wpb_wrapper\"><div class=\"w-image align_none\"><div class=\"w-image-h\"><img loading=\"lazy\" decoding=\"async\" width=\"683\" height=\"1024\" src=\"https:\/\/zornige-ameise.app\/wp-content\/uploads\/Erdbeerbecher-mit-Minze-fuer-Website-683x1024.jpeg\" class=\"attachment-large size-large\" alt=\"\" srcset=\"https:\/\/zornige-ameise.app\/wp-content\/uploads\/Erdbeerbecher-mit-Minze-fuer-Website-683x1024.jpeg 683w, https:\/\/zornige-ameise.app\/wp-content\/uploads\/Erdbeerbecher-mit-Minze-fuer-Website-200x300.jpeg 200w, https:\/\/zornige-ameise.app\/wp-content\/uploads\/Erdbeerbecher-mit-Minze-fuer-Website-scaled.jpeg 1707w\" sizes=\"auto, (max-width: 683px) 100vw, 683px\" \/><\/div><\/div><\/div><\/div><\/div><\/div><\/div><\/div><\/div><\/div><\/div><\/section>\n<\/section>","protected":false},"excerpt":{"rendered":"AKTUELLE NEWS: Wir haben wieder ge\u00f6ffnet! Show MoreShow Less Liebe G\u00e4ste und Freunde der Zornigen Ameise. Zur Zeit geschlossen! ****************************** [vc_widget_sidebar sidebar_id=\"default_sidebar\" el_id=\"wetter\"]Die \u201eZornige Ameise\u201c ist eine einzigartige Ausflugsgastronomie in Mitten der Natur an der Bever-Talsperre. Genie\u00dfen Sie in unserem Biergarten die hervorragende Qualit\u00e4t unserer K\u00fcche in geselliger und idyllischer Atmosph\u00e4re. An Sommer Tagen sind...","protected":false},"author":1,"featured_media":0,"parent":0,"menu_order":0,"comment_status":"closed","ping_status":"closed","template":"","meta":{"footnotes":""},"class_list":["post-10","page","type-page","status-publish","hentry"],"yoast_head":"<!-- This site is optimized with the Yoast SEO plugin v25.5 - https:\/\/yoast.com\/wordpress\/plugins\/seo\/ -->\n<title>Zornige Ameise<\/title>\n<meta name=\"description\" content=\"Genie\u00dfen Sie in unserem Biergarten die hervorragende Qualit\u00e4t unserer K\u00fcche in geselliger und idyllischer Atmosph\u00e4re. Leckere Speisen und eine Vielzahl an erfrischenden Getr\u00e4nke zu vern\u00fcnftigen Preisen. Bratwurst, Burger, Schnitzel &amp; Co. sowie Kaffee, Kuchen und Waffeln\" \/>\n<meta name=\"robots\" content=\"index, follow, max-snippet:-1, max-image-preview:large, max-video-preview:-1\" \/>\n<link rel=\"canonical\" href=\"https:\/\/zornige-ameise.app\/startseite\/\" \/>\n<meta property=\"og:locale\" content=\"de_DE\" \/>\n<meta property=\"og:type\" content=\"article\" \/>\n<meta property=\"og:title\" content=\"Zornige Ameise\" \/>\n<meta property=\"og:description\" content=\"Genie\u00dfen Sie in unserem Biergarten die hervorragende Qualit\u00e4t unserer K\u00fcche in geselliger und idyllischer Atmosph\u00e4re. Leckere Speisen und eine Vielzahl an erfrischenden Getr\u00e4nke zu vern\u00fcnftigen Preisen. Bratwurst, Burger, Schnitzel &amp; Co. sowie Kaffee, Kuchen und Waffeln\" \/>\n<meta property=\"og:url\" content=\"https:\/\/zornige-ameise.app\/startseite\/\" \/>\n<meta property=\"og:site_name\" content=\"Zornige Ameise\" \/>\n<meta property=\"article:modified_time\" content=\"2026-03-01T12:05:19+00:00\" \/>\n<meta name=\"twitter:card\" content=\"summary_large_image\" \/>\n<meta name=\"twitter:label1\" content=\"Gesch\u00e4tzte Lesezeit\" \/>\n\t<meta name=\"twitter:data1\" content=\"3\u00a0Minuten\" \/>\n<script type=\"application\/ld+json\" class=\"yoast-schema-graph\">{\"@context\":\"https:\/\/schema.org\",\"@graph\":[{\"@type\":\"WebPage\",\"@id\":\"https:\/\/zornige-ameise.app\/startseite\/\",\"url\":\"https:\/\/zornige-ameise.app\/startseite\/\",\"name\":\"Zornige Ameise\",\"isPartOf\":{\"@id\":\"https:\/\/zornige-ameise.app\/startseite\/#website\"},\"datePublished\":\"2021-10-20T08:39:50+00:00\",\"dateModified\":\"2026-03-01T12:05:19+00:00\",\"description\":\"Genie\u00dfen Sie in unserem Biergarten die hervorragende Qualit\u00e4t unserer K\u00fcche in geselliger und idyllischer Atmosph\u00e4re. Leckere Speisen und eine Vielzahl an erfrischenden Getr\u00e4nke zu vern\u00fcnftigen Preisen. Bratwurst, Burger, Schnitzel & Co. sowie Kaffee, Kuchen und Waffeln\",\"breadcrumb\":{\"@id\":\"https:\/\/zornige-ameise.app\/startseite\/#breadcrumb\"},\"inLanguage\":\"de\",\"potentialAction\":[{\"@type\":\"ReadAction\",\"target\":[\"https:\/\/zornige-ameise.app\/startseite\/\"]}]},{\"@type\":\"BreadcrumbList\",\"@id\":\"https:\/\/zornige-ameise.app\/startseite\/#breadcrumb\",\"itemListElement\":[{\"@type\":\"ListItem\",\"position\":1,\"name\":\"Startseite\",\"item\":\"https:\/\/zornige-ameise.app\/startseite\/\"},{\"@type\":\"ListItem\",\"position\":2,\"name\":\"Startseite\"}]},{\"@type\":\"WebSite\",\"@id\":\"https:\/\/zornige-ameise.app\/startseite\/#website\",\"url\":\"https:\/\/zornige-ameise.app\/startseite\/\",\"name\":\"Zornige Ameise\",\"description\":\"Die Ausflugsgastronomie an der Bevertalsperre\",\"potentialAction\":[{\"@type\":\"SearchAction\",\"target\":{\"@type\":\"EntryPoint\",\"urlTemplate\":\"https:\/\/zornige-ameise.app\/startseite\/?s={search_term_string}\"},\"query-input\":{\"@type\":\"PropertyValueSpecification\",\"valueRequired\":true,\"valueName\":\"search_term_string\"}}],\"inLanguage\":\"de\"}]}<\/script>\n<!-- \/ Yoast SEO plugin. -->","yoast_head_json":{"title":"Zornige Ameise","description":"Genie\u00dfen Sie in unserem Biergarten die hervorragende Qualit\u00e4t unserer K\u00fcche in geselliger und idyllischer Atmosph\u00e4re. Leckere Speisen und eine Vielzahl an erfrischenden Getr\u00e4nke zu vern\u00fcnftigen Preisen. Bratwurst, Burger, Schnitzel & Co. sowie Kaffee, Kuchen und Waffeln","robots":{"index":"index","follow":"follow","max-snippet":"max-snippet:-1","max-image-preview":"max-image-preview:large","max-video-preview":"max-video-preview:-1"},"canonical":"https:\/\/zornige-ameise.app\/startseite\/","og_locale":"de_DE","og_type":"article","og_title":"Zornige Ameise","og_description":"Genie\u00dfen Sie in unserem Biergarten die hervorragende Qualit\u00e4t unserer K\u00fcche in geselliger und idyllischer Atmosph\u00e4re. Leckere Speisen und eine Vielzahl an erfrischenden Getr\u00e4nke zu vern\u00fcnftigen Preisen. Bratwurst, Burger, Schnitzel & Co. sowie Kaffee, Kuchen und Waffeln","og_url":"https:\/\/zornige-ameise.app\/startseite\/","og_site_name":"Zornige Ameise","article_modified_time":"2026-03-01T12:05:19+00:00","twitter_card":"summary_large_image","twitter_misc":{"Gesch\u00e4tzte Lesezeit":"3\u00a0Minuten"},"schema":{"@context":"https:\/\/schema.org","@graph":[{"@type":"WebPage","@id":"https:\/\/zornige-ameise.app\/startseite\/","url":"https:\/\/zornige-ameise.app\/startseite\/","name":"Zornige Ameise","isPartOf":{"@id":"https:\/\/zornige-ameise.app\/startseite\/#website"},"datePublished":"2021-10-20T08:39:50+00:00","dateModified":"2026-03-01T12:05:19+00:00","description":"Genie\u00dfen Sie in unserem Biergarten die hervorragende Qualit\u00e4t unserer K\u00fcche in geselliger und idyllischer Atmosph\u00e4re. Leckere Speisen und eine Vielzahl an erfrischenden Getr\u00e4nke zu vern\u00fcnftigen Preisen. Bratwurst, Burger, Schnitzel & Co. sowie Kaffee, Kuchen und Waffeln","breadcrumb":{"@id":"https:\/\/zornige-ameise.app\/startseite\/#breadcrumb"},"inLanguage":"de","potentialAction":[{"@type":"ReadAction","target":["https:\/\/zornige-ameise.app\/startseite\/"]}]},{"@type":"BreadcrumbList","@id":"https:\/\/zornige-ameise.app\/startseite\/#breadcrumb","itemListElement":[{"@type":"ListItem","position":1,"name":"Startseite","item":"https:\/\/zornige-ameise.app\/startseite\/"},{"@type":"ListItem","position":2,"name":"Startseite"}]},{"@type":"WebSite","@id":"https:\/\/zornige-ameise.app\/startseite\/#website","url":"https:\/\/zornige-ameise.app\/startseite\/","name":"Zornige Ameise","description":"Die Ausflugsgastronomie an der Bevertalsperre","potentialAction":[{"@type":"SearchAction","target":{"@type":"EntryPoint","urlTemplate":"https:\/\/zornige-ameise.app\/startseite\/?s={search_term_string}"},"query-input":{"@type":"PropertyValueSpecification","valueRequired":true,"valueName":"search_term_string"}}],"inLanguage":"de"}]}},"_links":{"self":[{"href":"https:\/\/zornige-ameise.app\/startseite\/wp-json\/wp\/v2\/pages\/10","targetHints":{"allow":["GET"]}}],"collection":[{"href":"https:\/\/zornige-ameise.app\/startseite\/wp-json\/wp\/v2\/pages"}],"about":[{"href":"https:\/\/zornige-ameise.app\/startseite\/wp-json\/wp\/v2\/types\/page"}],"author":[{"embeddable":true,"href":"https:\/\/zornige-ameise.app\/startseite\/wp-json\/wp\/v2\/users\/1"}],"replies":[{"embeddable":true,"href":"https:\/\/zornige-ameise.app\/startseite\/wp-json\/wp\/v2\/comments?post=10"}],"version-history":[{"count":349,"href":"https:\/\/zornige-ameise.app\/startseite\/wp-json\/wp\/v2\/pages\/10\/revisions"}],"predecessor-version":[{"id":881,"href":"https:\/\/zornige-ameise.app\/startseite\/wp-json\/wp\/v2\/pages\/10\/revisions\/881"}],"wp:attachment":[{"href":"https:\/\/zornige-ameise.app\/startseite\/wp-json\/wp\/v2\/media?parent=10"}],"curies":[{"name":"wp","href":"https:\/\/api.w.org\/{rel}","templated":true}]}}