{"id":559,"date":"2022-07-01T18:09:35","date_gmt":"2022-07-01T16:09:35","guid":{"rendered":"https:\/\/zornige-ameise.app\/?page_id=559"},"modified":"2022-07-03T12:48:15","modified_gmt":"2022-07-03T10:48:15","slug":"rock-am-see","status":"publish","type":"page","link":"https:\/\/zornige-ameise.app\/startseite\/rock-am-see\/","title":{"rendered":"Veranstaltungsarchiv"},"content":{"rendered":"<section class=\"wpb-content-wrapper\"><section class=\"l-section wpb_row us_custom_0ff607e9 has_text_color height_auto\"><div class=\"l-section-h i-cf\"><div class=\"g-cols vc_row via_flex valign_top type_default stacking_default\"><div class=\"vc_col-sm-12 wpb_column vc_column_container\"><div class=\"vc_column-inner\"><div class=\"wpb_wrapper\"><div class=\"wpb_text_column us_custom_a4ebe4e2 with_collapsible_content\" data-content-height=\"200px\"><div class=\"wpb_wrapper\"><h2><span style=\"color: #ffffff;\">ROCK am See<\/span><br \/>\n<span style=\"color: #ffffff;\"><del>2. Juli, Samstag ab 16 Uhr<\/del> &#8211; Open-Air Livemusik<br \/>\n<strong>EINTRITT FREI<\/strong><\/span><\/h2>\n<\/div><div class=\"toggle-links align_none\"><button class=\"collapsible-content-more\">Show More<\/button><button class=\"collapsible-content-less\">Show Less<\/button><\/div><\/div><div class=\"w-image align_none\"><div class=\"w-image-h\"><img loading=\"lazy\" decoding=\"async\" width=\"1191\" height=\"1682\" src=\"https:\/\/zornige-ameise.app\/wp-content\/uploads\/Rock-am-See-Plakat-2-Juli-2022.jpg\" class=\"attachment-full size-full\" alt=\"Rock am See 2 Juli 2022\" srcset=\"https:\/\/zornige-ameise.app\/wp-content\/uploads\/Rock-am-See-Plakat-2-Juli-2022.jpg 1191w, https:\/\/zornige-ameise.app\/wp-content\/uploads\/Rock-am-See-Plakat-2-Juli-2022-212x300.jpg 212w, https:\/\/zornige-ameise.app\/wp-content\/uploads\/Rock-am-See-Plakat-2-Juli-2022-725x1024.jpg 725w\" sizes=\"auto, (max-width: 1191px) 100vw, 1191px\" \/><\/div><\/div><div class=\"wpb_text_column\"><div class=\"wpb_wrapper\"><\/div><\/div><\/div><\/div><\/div><\/div><\/div><\/section>\n<\/section>","protected":false},"excerpt":{"rendered":"ROCK am See 2. Juli, Samstag ab 16 Uhr &#8211; Open-Air Livemusik EINTRITT FREI Show MoreShow Less","protected":false},"author":2,"featured_media":0,"parent":0,"menu_order":0,"comment_status":"closed","ping_status":"closed","template":"","meta":{"footnotes":""},"class_list":["post-559","page","type-page","status-publish","hentry"],"yoast_head":"<!-- This site is optimized with the Yoast SEO plugin v25.5 - https:\/\/yoast.com\/wordpress\/plugins\/seo\/ -->\n<title>Zornige Ameise<\/title>\n<meta name=\"description\" content=\"Genie\u00dfen Sie in unserem Biergarten die hervorragende Qualit\u00e4t unserer K\u00fcche in geselliger und idyllischer Atmosph\u00e4re. Leckere Speisen und eine Vielzahl an erfrischenden Getr\u00e4nke zu vern\u00fcnftigen Preisen. Bratwurst, Burger, Schnitzel &amp; Co. sowie Kaffee, Kuchen und Waffeln\" \/>\n<meta name=\"robots\" content=\"index, follow, max-snippet:-1, max-image-preview:large, max-video-preview:-1\" \/>\n<link rel=\"canonical\" href=\"https:\/\/zornige-ameise.app\/startseite\/rock-am-see\/\" \/>\n<meta property=\"og:locale\" content=\"de_DE\" \/>\n<meta property=\"og:type\" content=\"article\" \/>\n<meta property=\"og:title\" content=\"Zornige Ameise\" \/>\n<meta property=\"og:description\" content=\"Genie\u00dfen Sie in unserem Biergarten die hervorragende Qualit\u00e4t unserer K\u00fcche in geselliger und idyllischer Atmosph\u00e4re. Leckere Speisen und eine Vielzahl an erfrischenden Getr\u00e4nke zu vern\u00fcnftigen Preisen. Bratwurst, Burger, Schnitzel &amp; Co. sowie Kaffee, Kuchen und Waffeln\" \/>\n<meta property=\"og:url\" content=\"https:\/\/zornige-ameise.app\/startseite\/rock-am-see\/\" \/>\n<meta property=\"og:site_name\" content=\"Zornige Ameise\" \/>\n<meta property=\"article:modified_time\" content=\"2022-07-03T10:48:15+00:00\" \/>\n<meta name=\"twitter:card\" content=\"summary_large_image\" \/>\n<meta name=\"twitter:label1\" content=\"Gesch\u00e4tzte Lesezeit\" \/>\n\t<meta name=\"twitter:data1\" content=\"1\u00a0Minute\" \/>\n<script type=\"application\/ld+json\" class=\"yoast-schema-graph\">{\"@context\":\"https:\/\/schema.org\",\"@graph\":[{\"@type\":\"WebPage\",\"@id\":\"https:\/\/zornige-ameise.app\/startseite\/rock-am-see\/\",\"url\":\"https:\/\/zornige-ameise.app\/startseite\/rock-am-see\/\",\"name\":\"Zornige Ameise\",\"isPartOf\":{\"@id\":\"https:\/\/zornige-ameise.app\/startseite\/#website\"},\"datePublished\":\"2022-07-01T16:09:35+00:00\",\"dateModified\":\"2022-07-03T10:48:15+00:00\",\"description\":\"Genie\u00dfen Sie in unserem Biergarten die hervorragende Qualit\u00e4t unserer K\u00fcche in geselliger und idyllischer Atmosph\u00e4re. Leckere Speisen und eine Vielzahl an erfrischenden Getr\u00e4nke zu vern\u00fcnftigen Preisen. Bratwurst, Burger, Schnitzel & Co. sowie Kaffee, Kuchen und Waffeln\",\"breadcrumb\":{\"@id\":\"https:\/\/zornige-ameise.app\/startseite\/rock-am-see\/#breadcrumb\"},\"inLanguage\":\"de\",\"potentialAction\":[{\"@type\":\"ReadAction\",\"target\":[\"https:\/\/zornige-ameise.app\/startseite\/rock-am-see\/\"]}]},{\"@type\":\"BreadcrumbList\",\"@id\":\"https:\/\/zornige-ameise.app\/startseite\/rock-am-see\/#breadcrumb\",\"itemListElement\":[{\"@type\":\"ListItem\",\"position\":1,\"name\":\"Startseite\",\"item\":\"https:\/\/zornige-ameise.app\/startseite\/\"},{\"@type\":\"ListItem\",\"position\":2,\"name\":\"Veranstaltungsarchiv\"}]},{\"@type\":\"WebSite\",\"@id\":\"https:\/\/zornige-ameise.app\/startseite\/#website\",\"url\":\"https:\/\/zornige-ameise.app\/startseite\/\",\"name\":\"Zornige Ameise\",\"description\":\"Die Ausflugsgastronomie an der Bevertalsperre\",\"potentialAction\":[{\"@type\":\"SearchAction\",\"target\":{\"@type\":\"EntryPoint\",\"urlTemplate\":\"https:\/\/zornige-ameise.app\/startseite\/?s={search_term_string}\"},\"query-input\":{\"@type\":\"PropertyValueSpecification\",\"valueRequired\":true,\"valueName\":\"search_term_string\"}}],\"inLanguage\":\"de\"}]}<\/script>\n<!-- \/ Yoast SEO plugin. -->","yoast_head_json":{"title":"Zornige Ameise","description":"Genie\u00dfen Sie in unserem Biergarten die hervorragende Qualit\u00e4t unserer K\u00fcche in geselliger und idyllischer Atmosph\u00e4re. Leckere Speisen und eine Vielzahl an erfrischenden Getr\u00e4nke zu vern\u00fcnftigen Preisen. Bratwurst, Burger, Schnitzel & Co. sowie Kaffee, Kuchen und Waffeln","robots":{"index":"index","follow":"follow","max-snippet":"max-snippet:-1","max-image-preview":"max-image-preview:large","max-video-preview":"max-video-preview:-1"},"canonical":"https:\/\/zornige-ameise.app\/startseite\/rock-am-see\/","og_locale":"de_DE","og_type":"article","og_title":"Zornige Ameise","og_description":"Genie\u00dfen Sie in unserem Biergarten die hervorragende Qualit\u00e4t unserer K\u00fcche in geselliger und idyllischer Atmosph\u00e4re. Leckere Speisen und eine Vielzahl an erfrischenden Getr\u00e4nke zu vern\u00fcnftigen Preisen. Bratwurst, Burger, Schnitzel & Co. sowie Kaffee, Kuchen und Waffeln","og_url":"https:\/\/zornige-ameise.app\/startseite\/rock-am-see\/","og_site_name":"Zornige Ameise","article_modified_time":"2022-07-03T10:48:15+00:00","twitter_card":"summary_large_image","twitter_misc":{"Gesch\u00e4tzte Lesezeit":"1\u00a0Minute"},"schema":{"@context":"https:\/\/schema.org","@graph":[{"@type":"WebPage","@id":"https:\/\/zornige-ameise.app\/startseite\/rock-am-see\/","url":"https:\/\/zornige-ameise.app\/startseite\/rock-am-see\/","name":"Zornige Ameise","isPartOf":{"@id":"https:\/\/zornige-ameise.app\/startseite\/#website"},"datePublished":"2022-07-01T16:09:35+00:00","dateModified":"2022-07-03T10:48:15+00:00","description":"Genie\u00dfen Sie in unserem Biergarten die hervorragende Qualit\u00e4t unserer K\u00fcche in geselliger und idyllischer Atmosph\u00e4re. Leckere Speisen und eine Vielzahl an erfrischenden Getr\u00e4nke zu vern\u00fcnftigen Preisen. Bratwurst, Burger, Schnitzel & Co. sowie Kaffee, Kuchen und Waffeln","breadcrumb":{"@id":"https:\/\/zornige-ameise.app\/startseite\/rock-am-see\/#breadcrumb"},"inLanguage":"de","potentialAction":[{"@type":"ReadAction","target":["https:\/\/zornige-ameise.app\/startseite\/rock-am-see\/"]}]},{"@type":"BreadcrumbList","@id":"https:\/\/zornige-ameise.app\/startseite\/rock-am-see\/#breadcrumb","itemListElement":[{"@type":"ListItem","position":1,"name":"Startseite","item":"https:\/\/zornige-ameise.app\/startseite\/"},{"@type":"ListItem","position":2,"name":"Veranstaltungsarchiv"}]},{"@type":"WebSite","@id":"https:\/\/zornige-ameise.app\/startseite\/#website","url":"https:\/\/zornige-ameise.app\/startseite\/","name":"Zornige Ameise","description":"Die Ausflugsgastronomie an der Bevertalsperre","potentialAction":[{"@type":"SearchAction","target":{"@type":"EntryPoint","urlTemplate":"https:\/\/zornige-ameise.app\/startseite\/?s={search_term_string}"},"query-input":{"@type":"PropertyValueSpecification","valueRequired":true,"valueName":"search_term_string"}}],"inLanguage":"de"}]}},"_links":{"self":[{"href":"https:\/\/zornige-ameise.app\/startseite\/wp-json\/wp\/v2\/pages\/559","targetHints":{"allow":["GET"]}}],"collection":[{"href":"https:\/\/zornige-ameise.app\/startseite\/wp-json\/wp\/v2\/pages"}],"about":[{"href":"https:\/\/zornige-ameise.app\/startseite\/wp-json\/wp\/v2\/types\/page"}],"author":[{"embeddable":true,"href":"https:\/\/zornige-ameise.app\/startseite\/wp-json\/wp\/v2\/users\/2"}],"replies":[{"embeddable":true,"href":"https:\/\/zornige-ameise.app\/startseite\/wp-json\/wp\/v2\/comments?post=559"}],"version-history":[{"count":21,"href":"https:\/\/zornige-ameise.app\/startseite\/wp-json\/wp\/v2\/pages\/559\/revisions"}],"predecessor-version":[{"id":585,"href":"https:\/\/zornige-ameise.app\/startseite\/wp-json\/wp\/v2\/pages\/559\/revisions\/585"}],"wp:attachment":[{"href":"https:\/\/zornige-ameise.app\/startseite\/wp-json\/wp\/v2\/media?parent=559"}],"curies":[{"name":"wp","href":"https:\/\/api.w.org\/{rel}","templated":true}]}}