{"id":590,"date":"2022-07-24T17:29:53","date_gmt":"2022-07-24T15:29:53","guid":{"rendered":"https:\/\/zornige-ameise.app\/?page_id=590"},"modified":"2023-05-05T17:16:37","modified_gmt":"2023-05-05T15:16:37","slug":"aktuelle-berichte","status":"publish","type":"page","link":"https:\/\/zornige-ameise.app\/startseite\/aktuelle-berichte\/","title":{"rendered":"Aktuelle Berichte"},"content":{"rendered":"<section class=\"wpb-content-wrapper\"><section class=\"l-section wpb_row us_custom_0ff607e9 has_text_color height_auto\"><div class=\"l-section-h i-cf\"><div class=\"g-cols vc_row via_flex valign_top type_default stacking_default\"><div class=\"vc_col-sm-12 wpb_column vc_column_container\"><div class=\"vc_column-inner\"><div class=\"wpb_wrapper\"><div class=\"wpb_text_column us_custom_a4ebe4e2 with_collapsible_content\" data-content-height=\"200px\"><div class=\"wpb_wrapper\"><h2><span style=\"color: #333333;\"><span style=\"color: #ffffff;\">WDR Lokalzeit vom 18. Juli 2022<\/span><br \/>\n<\/span><\/h2>\n<\/div><div class=\"toggle-links align_none\"><button class=\"collapsible-content-more\">Show More<\/button><button class=\"collapsible-content-less\">Show Less<\/button><\/div><\/div><div class=\"wpb_text_column\"><div class=\"wpb_wrapper\"><\/div><\/div><\/div><\/div><\/div><\/div><\/div><\/section><section class=\"l-section wpb_row height_medium\"><div class=\"l-section-h i-cf\"><div class=\"g-cols vc_row via_flex valign_top type_default stacking_default\"><div class=\"vc_col-sm-12 wpb_column vc_column_container\"><div class=\"vc_column-inner\"><div class=\"wpb_wrapper\"><div class=\"w-video align_none ratio_16x9\"><div class=\"w-video-h\"><iframe title=\"Youtube video player\" src=\"\/\/www.youtube.com\/embed\/CBZXNRidJoc?origin=https:\/\/zornige-ameise.app&controls=1\" allowfullscreen=\"1\" loading=\"lazy\"><\/iframe><\/div><div class=\"w-video-icon\" style=\"font-size:1.5rem;background:rgba(0,0,0,0.5);color:#fff\"><\/div><\/div><\/div><\/div><\/div><\/div><\/div><\/section><section class=\"l-section wpb_row height_small color_footer-bottom\"><div class=\"l-section-h i-cf\"><div class=\"g-cols vc_row via_flex valign_top type_default stacking_default\"><div class=\"vc_col-sm-12 wpb_column vc_column_container\"><div class=\"vc_column-inner\"><div class=\"wpb_wrapper\"><div class=\"w-separator us_custom_d44d8758 has_text_color size_small with_line width_default thick_4 style_solid color_secondary align_center with_text with_content\"><div class=\"w-separator-h\"><h6 class=\"w-separator-text\"><span>RHEINISCHE POST vom 5. Mai 2023<\/span><\/h6><\/div><\/div><\/div><\/div><\/div><\/div><\/div><\/section><section class=\"l-section wpb_row height_medium\"><div class=\"l-section-h i-cf\"><div class=\"g-cols vc_row via_flex valign_top type_default stacking_default\"><div class=\"vc_col-sm-12 wpb_column vc_column_container\"><div class=\"vc_column-inner\"><div class=\"wpb_wrapper\"><div class=\"wpb_text_column\"><div class=\"wpb_wrapper\"><header class=\"mb-6 desktop:mb-8 park-container-small px-6\">\n<h3><span style=\"color: #1a1a1a;\"><span class=\"block text-40 desktop:text-60 font-semibold text-solid-black dark:text-white-solid mb-4\" data-cy=\"kicker\"><em>Beliebtes Ausflugsziel in H\u00fcckeswagen<br \/>\n<\/em>\u201eZornige Ameise\u201c an der Bever-Talsperre unter neuer Regie<em><br \/>\n<\/em><\/span><\/span><\/h3>\n<\/header>\n<p class=\"text-50 desktop:text-70 park-container-small px-6 mb-10 desktop:mb-14\"><em class=\"font-semibold\">H\u00fcckeswagen<\/em> \u00b7 <strong>Die Seestern Gastro &amp; Freizeitbetriebe UG hat die Regie f\u00fcr das beliebte Ausflugslokal an der H\u00fcckeswagener Bever-Talsperre \u00fcbernommen. Die offizielle Vertragsunterzeichnung ist erfolgt, teilte der Wupperverband mit.<\/strong><\/p>\n<p class=\"text-50 desktop:text-70 park-container-small px-6 mb-10 desktop:mb-14\"><span style=\"color: #333333;\">Den kompletten Artikel finden Sie hier:<\/span><\/p>\n<p><a href=\"https:\/\/rp-online.de\/nrw\/staedte\/hueckeswagen\/zornige-ameise-in-hueckeswagen-unter-neuer-regie_aid-89710049?utm_source=mail&amp;utm_medium=referral&amp;utm_campaign=share?utm_source=mail&amp;utm_medium=referral&amp;utm_campaign=share\" target=\"_blank\" rel=\"noopener\">https:\/\/rp-online.de\/nrw\/staedte\/hueckeswagen\/zornige-ameise-in-hueckeswagen-unter-neuer-regie_aid-89710049?utm_source=mail&amp;utm_medium=referral&amp;utm_campaign=share?utm_source=mail&amp;utm_medium=referral&amp;utm_campaign=share<\/a><\/p>\n<\/div><\/div><\/div><\/div><\/div><\/div><\/div><\/section>\n<\/section>","protected":false},"excerpt":{"rendered":"WDR Lokalzeit vom 18. Juli 2022 Show MoreShow LessRHEINISCHE POST vom 5. Mai 2023 Beliebtes Ausflugsziel in H\u00fcckeswagen \u201eZornige Ameise\u201c an der Bever-Talsperre unter neuer Regie H\u00fcckeswagen \u00b7 Die Seestern Gastro &amp; Freizeitbetriebe UG hat die Regie f\u00fcr das beliebte Ausflugslokal an der H\u00fcckeswagener Bever-Talsperre \u00fcbernommen. Die offizielle Vertragsunterzeichnung ist erfolgt, teilte der Wupperverband mit....","protected":false},"author":2,"featured_media":0,"parent":0,"menu_order":0,"comment_status":"closed","ping_status":"closed","template":"","meta":{"footnotes":""},"class_list":["post-590","page","type-page","status-publish","hentry"],"yoast_head":"<!-- This site is optimized with the Yoast SEO plugin v25.5 - https:\/\/yoast.com\/wordpress\/plugins\/seo\/ -->\n<title>Zornige Ameise<\/title>\n<meta name=\"description\" content=\"Genie\u00dfen Sie in unserem Biergarten die hervorragende Qualit\u00e4t unserer K\u00fcche in geselliger und idyllischer Atmosph\u00e4re. Leckere Speisen und eine Vielzahl an erfrischenden Getr\u00e4nke zu vern\u00fcnftigen Preisen. Bratwurst, Burger, Schnitzel &amp; Co. sowie Kaffee, Kuchen und Waffeln\" \/>\n<meta name=\"robots\" content=\"index, follow, max-snippet:-1, max-image-preview:large, max-video-preview:-1\" \/>\n<link rel=\"canonical\" href=\"https:\/\/zornige-ameise.app\/startseite\/aktuelle-berichte\/\" \/>\n<meta property=\"og:locale\" content=\"de_DE\" \/>\n<meta property=\"og:type\" content=\"article\" \/>\n<meta property=\"og:title\" content=\"Zornige Ameise\" \/>\n<meta property=\"og:description\" content=\"Genie\u00dfen Sie in unserem Biergarten die hervorragende Qualit\u00e4t unserer K\u00fcche in geselliger und idyllischer Atmosph\u00e4re. Leckere Speisen und eine Vielzahl an erfrischenden Getr\u00e4nke zu vern\u00fcnftigen Preisen. Bratwurst, Burger, Schnitzel &amp; Co. sowie Kaffee, Kuchen und Waffeln\" \/>\n<meta property=\"og:url\" content=\"https:\/\/zornige-ameise.app\/startseite\/aktuelle-berichte\/\" \/>\n<meta property=\"og:site_name\" content=\"Zornige Ameise\" \/>\n<meta property=\"article:modified_time\" content=\"2023-05-05T15:16:37+00:00\" \/>\n<meta name=\"twitter:card\" content=\"summary_large_image\" \/>\n<meta name=\"twitter:label1\" content=\"Gesch\u00e4tzte Lesezeit\" \/>\n\t<meta name=\"twitter:data1\" content=\"1\u00a0Minute\" \/>\n<script type=\"application\/ld+json\" class=\"yoast-schema-graph\">{\"@context\":\"https:\/\/schema.org\",\"@graph\":[{\"@type\":\"WebPage\",\"@id\":\"https:\/\/zornige-ameise.app\/startseite\/aktuelle-berichte\/\",\"url\":\"https:\/\/zornige-ameise.app\/startseite\/aktuelle-berichte\/\",\"name\":\"Zornige Ameise\",\"isPartOf\":{\"@id\":\"https:\/\/zornige-ameise.app\/startseite\/#website\"},\"datePublished\":\"2022-07-24T15:29:53+00:00\",\"dateModified\":\"2023-05-05T15:16:37+00:00\",\"description\":\"Genie\u00dfen Sie in unserem Biergarten die hervorragende Qualit\u00e4t unserer K\u00fcche in geselliger und idyllischer Atmosph\u00e4re. Leckere Speisen und eine Vielzahl an erfrischenden Getr\u00e4nke zu vern\u00fcnftigen Preisen. Bratwurst, Burger, Schnitzel & Co. sowie Kaffee, Kuchen und Waffeln\",\"breadcrumb\":{\"@id\":\"https:\/\/zornige-ameise.app\/startseite\/aktuelle-berichte\/#breadcrumb\"},\"inLanguage\":\"de\",\"potentialAction\":[{\"@type\":\"ReadAction\",\"target\":[\"https:\/\/zornige-ameise.app\/startseite\/aktuelle-berichte\/\"]}]},{\"@type\":\"BreadcrumbList\",\"@id\":\"https:\/\/zornige-ameise.app\/startseite\/aktuelle-berichte\/#breadcrumb\",\"itemListElement\":[{\"@type\":\"ListItem\",\"position\":1,\"name\":\"Startseite\",\"item\":\"https:\/\/zornige-ameise.app\/startseite\/\"},{\"@type\":\"ListItem\",\"position\":2,\"name\":\"Aktuelle Berichte\"}]},{\"@type\":\"WebSite\",\"@id\":\"https:\/\/zornige-ameise.app\/startseite\/#website\",\"url\":\"https:\/\/zornige-ameise.app\/startseite\/\",\"name\":\"Zornige Ameise\",\"description\":\"Die Ausflugsgastronomie an der Bevertalsperre\",\"potentialAction\":[{\"@type\":\"SearchAction\",\"target\":{\"@type\":\"EntryPoint\",\"urlTemplate\":\"https:\/\/zornige-ameise.app\/startseite\/?s={search_term_string}\"},\"query-input\":{\"@type\":\"PropertyValueSpecification\",\"valueRequired\":true,\"valueName\":\"search_term_string\"}}],\"inLanguage\":\"de\"}]}<\/script>\n<!-- \/ Yoast SEO plugin. -->","yoast_head_json":{"title":"Zornige Ameise","description":"Genie\u00dfen Sie in unserem Biergarten die hervorragende Qualit\u00e4t unserer K\u00fcche in geselliger und idyllischer Atmosph\u00e4re. Leckere Speisen und eine Vielzahl an erfrischenden Getr\u00e4nke zu vern\u00fcnftigen Preisen. Bratwurst, Burger, Schnitzel & Co. sowie Kaffee, Kuchen und Waffeln","robots":{"index":"index","follow":"follow","max-snippet":"max-snippet:-1","max-image-preview":"max-image-preview:large","max-video-preview":"max-video-preview:-1"},"canonical":"https:\/\/zornige-ameise.app\/startseite\/aktuelle-berichte\/","og_locale":"de_DE","og_type":"article","og_title":"Zornige Ameise","og_description":"Genie\u00dfen Sie in unserem Biergarten die hervorragende Qualit\u00e4t unserer K\u00fcche in geselliger und idyllischer Atmosph\u00e4re. Leckere Speisen und eine Vielzahl an erfrischenden Getr\u00e4nke zu vern\u00fcnftigen Preisen. Bratwurst, Burger, Schnitzel & Co. sowie Kaffee, Kuchen und Waffeln","og_url":"https:\/\/zornige-ameise.app\/startseite\/aktuelle-berichte\/","og_site_name":"Zornige Ameise","article_modified_time":"2023-05-05T15:16:37+00:00","twitter_card":"summary_large_image","twitter_misc":{"Gesch\u00e4tzte Lesezeit":"1\u00a0Minute"},"schema":{"@context":"https:\/\/schema.org","@graph":[{"@type":"WebPage","@id":"https:\/\/zornige-ameise.app\/startseite\/aktuelle-berichte\/","url":"https:\/\/zornige-ameise.app\/startseite\/aktuelle-berichte\/","name":"Zornige Ameise","isPartOf":{"@id":"https:\/\/zornige-ameise.app\/startseite\/#website"},"datePublished":"2022-07-24T15:29:53+00:00","dateModified":"2023-05-05T15:16:37+00:00","description":"Genie\u00dfen Sie in unserem Biergarten die hervorragende Qualit\u00e4t unserer K\u00fcche in geselliger und idyllischer Atmosph\u00e4re. Leckere Speisen und eine Vielzahl an erfrischenden Getr\u00e4nke zu vern\u00fcnftigen Preisen. Bratwurst, Burger, Schnitzel & Co. sowie Kaffee, Kuchen und Waffeln","breadcrumb":{"@id":"https:\/\/zornige-ameise.app\/startseite\/aktuelle-berichte\/#breadcrumb"},"inLanguage":"de","potentialAction":[{"@type":"ReadAction","target":["https:\/\/zornige-ameise.app\/startseite\/aktuelle-berichte\/"]}]},{"@type":"BreadcrumbList","@id":"https:\/\/zornige-ameise.app\/startseite\/aktuelle-berichte\/#breadcrumb","itemListElement":[{"@type":"ListItem","position":1,"name":"Startseite","item":"https:\/\/zornige-ameise.app\/startseite\/"},{"@type":"ListItem","position":2,"name":"Aktuelle Berichte"}]},{"@type":"WebSite","@id":"https:\/\/zornige-ameise.app\/startseite\/#website","url":"https:\/\/zornige-ameise.app\/startseite\/","name":"Zornige Ameise","description":"Die Ausflugsgastronomie an der Bevertalsperre","potentialAction":[{"@type":"SearchAction","target":{"@type":"EntryPoint","urlTemplate":"https:\/\/zornige-ameise.app\/startseite\/?s={search_term_string}"},"query-input":{"@type":"PropertyValueSpecification","valueRequired":true,"valueName":"search_term_string"}}],"inLanguage":"de"}]}},"_links":{"self":[{"href":"https:\/\/zornige-ameise.app\/startseite\/wp-json\/wp\/v2\/pages\/590","targetHints":{"allow":["GET"]}}],"collection":[{"href":"https:\/\/zornige-ameise.app\/startseite\/wp-json\/wp\/v2\/pages"}],"about":[{"href":"https:\/\/zornige-ameise.app\/startseite\/wp-json\/wp\/v2\/types\/page"}],"author":[{"embeddable":true,"href":"https:\/\/zornige-ameise.app\/startseite\/wp-json\/wp\/v2\/users\/2"}],"replies":[{"embeddable":true,"href":"https:\/\/zornige-ameise.app\/startseite\/wp-json\/wp\/v2\/comments?post=590"}],"version-history":[{"count":24,"href":"https:\/\/zornige-ameise.app\/startseite\/wp-json\/wp\/v2\/pages\/590\/revisions"}],"predecessor-version":[{"id":691,"href":"https:\/\/zornige-ameise.app\/startseite\/wp-json\/wp\/v2\/pages\/590\/revisions\/691"}],"wp:attachment":[{"href":"https:\/\/zornige-ameise.app\/startseite\/wp-json\/wp\/v2\/media?parent=590"}],"curies":[{"name":"wp","href":"https:\/\/api.w.org\/{rel}","templated":true}]}}