{"id":714,"date":"2023-07-09T07:58:44","date_gmt":"2023-07-09T05:58:44","guid":{"rendered":"https:\/\/zornige-ameise.app\/startseite\/?page_id=714"},"modified":"2025-06-13T12:19:36","modified_gmt":"2025-06-13T10:19:36","slug":"aktuelle-news","status":"publish","type":"page","link":"https:\/\/zornige-ameise.app\/startseite\/aktuelle-news\/","title":{"rendered":"Aktuelle News"},"content":{"rendered":"<section class=\"wpb-content-wrapper\"><section class=\"l-section wpb_row us_custom_0ff607e9 has_text_color height_auto\"><div class=\"l-section-h i-cf\"><div class=\"g-cols vc_row via_flex valign_top type_default stacking_default\"><div class=\"vc_col-sm-12 wpb_column vc_column_container\"><div class=\"vc_column-inner\"><div class=\"wpb_wrapper\"><div class=\"wpb_text_column us_custom_a4ebe4e2 with_collapsible_content\" data-content-height=\"200px\"><div class=\"wpb_wrapper\"><h2><span style=\"color: #333333;\"><span style=\"color: #ffffff;\">Aktuelle NEWS von der Zornigen Ameise<\/span><br \/>\n<\/span><\/h2>\n<\/div><div class=\"toggle-links align_none\"><button class=\"collapsible-content-more\">Show More<\/button><button class=\"collapsible-content-less\">Show Less<\/button><\/div><\/div><div class=\"wpb_text_column\"><div class=\"wpb_wrapper\"><\/div><\/div><\/div><\/div><\/div><\/div><\/div><\/section><section class=\"l-section wpb_row height_small color_footer-bottom\"><div class=\"l-section-h i-cf\"><div class=\"g-cols vc_row via_flex valign_top type_default stacking_default\"><div class=\"vc_col-sm-12 wpb_column vc_column_container\"><div class=\"vc_column-inner\"><div class=\"wpb_wrapper\"><div class=\"w-separator us_custom_d44d8758 has_text_color size_small with_line width_default thick_4 style_solid color_secondary align_center with_text with_content\"><div class=\"w-separator-h\"><h6 class=\"w-separator-text\"><span>Es geht wieder los &#8230; Sommer, Sonne &#8230; und leckere Getr\u00e4nke am See &#8230;<\/span><\/h6><\/div><\/div><\/div><\/div><\/div><\/div><\/div><\/section><section class=\"l-section wpb_row height_medium\"><div class=\"l-section-h i-cf\"><div class=\"g-cols vc_row via_flex valign_top type_default stacking_default\"><div class=\"vc_col-sm-8 wpb_column vc_column_container\"><div class=\"vc_column-inner\"><div class=\"wpb_wrapper\"><div class=\"wpb_text_column\"><div class=\"wpb_wrapper\"><h3><span style=\"color: #333333;\">Ab jetzt &#8211; leckeres Eis aus unserem sch\u00f6nen neuen Eiswagen- verschiedene Sorten- jetzt probieren und in der Sonne genie\u00dfen&#8230;<\/span><\/h3>\n<\/div><\/div><\/div><\/div><\/div><div class=\"vc_col-sm-4 wpb_column vc_column_container\"><div class=\"vc_column-inner\"><div class=\"wpb_wrapper\"><div class=\"w-image align_none\"><div class=\"w-image-h\"><img loading=\"lazy\" decoding=\"async\" width=\"683\" height=\"1024\" src=\"https:\/\/zornige-ameise.app\/wp-content\/uploads\/Erdbeerbecher-mit-Minze-fuer-Website-683x1024.jpeg\" class=\"attachment-large size-large\" alt=\"\" srcset=\"https:\/\/zornige-ameise.app\/wp-content\/uploads\/Erdbeerbecher-mit-Minze-fuer-Website-683x1024.jpeg 683w, https:\/\/zornige-ameise.app\/wp-content\/uploads\/Erdbeerbecher-mit-Minze-fuer-Website-200x300.jpeg 200w, https:\/\/zornige-ameise.app\/wp-content\/uploads\/Erdbeerbecher-mit-Minze-fuer-Website-scaled.jpeg 1707w\" sizes=\"auto, (max-width: 683px) 100vw, 683px\" \/><\/div><\/div><\/div><\/div><\/div><\/div><\/div><\/section><section class=\"l-section wpb_row height_small color_footer-bottom\"><div class=\"l-section-h i-cf\"><div class=\"g-cols vc_row via_flex valign_top type_default stacking_default\"><div class=\"vc_col-sm-12 wpb_column vc_column_container\"><div class=\"vc_column-inner\"><div class=\"wpb_wrapper\"><div class=\"w-separator us_custom_d44d8758 has_text_color size_small with_line width_default thick_4 style_solid color_secondary align_center with_text with_content\"><div class=\"w-separator-h\"><h6 class=\"w-separator-text\"><span>NEU! Leckers Eis- verschiedene Sorten &#8211; jetzt probieren !<\/span><\/h6><\/div><\/div><\/div><\/div><\/div><\/div><\/div><\/section><section class=\"l-section wpb_row height_medium\"><div class=\"l-section-h i-cf\"><div class=\"g-cols vc_row via_flex valign_top type_default stacking_default\"><div class=\"vc_col-sm-12 wpb_column vc_column_container\"><div class=\"vc_column-inner\"><div class=\"wpb_wrapper\"><div class=\"wpb_text_column\"><div class=\"wpb_wrapper\"><h3><span style=\"color: #333333;\">Hallo liebe G\u00e4ste und Freunde der Zornigen Ameise!<br \/>\n<\/span><span style=\"color: #333333;\">An dieser Stelle werden Sie aktuell informiert \u00fcber unsere<br \/>\nanstehende Renovierungs &#8211; und Modernisierungsma\u00dfnahmen:<\/span><\/h3>\n<\/div><\/div><\/div><\/div><\/div><\/div><\/div><\/section><section class=\"l-section wpb_row height_small color_footer-bottom\"><div class=\"l-section-h i-cf\"><div class=\"g-cols vc_row via_flex valign_top type_default stacking_default\"><div class=\"vc_col-sm-12 wpb_column vc_column_container\"><div class=\"vc_column-inner\"><div class=\"wpb_wrapper\"><div class=\"w-separator us_custom_d44d8758 has_text_color size_small with_line width_default thick_4 style_solid color_secondary align_center with_text with_content\"><div class=\"w-separator-h\"><h6 class=\"w-separator-text\"><span>Anstehende Renovierungs- und Modernisierungsma\u00dfnahmen<\/span><\/h6><\/div><\/div><\/div><\/div><\/div><\/div><\/div><\/section><section class=\"l-section wpb_row height_medium\"><div class=\"l-section-h i-cf\"><div class=\"g-cols vc_row via_flex valign_top type_default stacking_default\"><div class=\"vc_col-sm-12 wpb_column vc_column_container\"><div class=\"vc_column-inner\"><div class=\"wpb_wrapper\"><div class=\"wpb_text_column\"><div class=\"wpb_wrapper\"><header class=\"mb-6 desktop:mb-8 park-container-small px-6\">\n<h3><span style=\"color: #1a1a1a;\"><strong>Anstehende Renovierungs- und Modernisierungsma\u00dfnahmen<\/strong><\/span><\/h3>\n<\/header>\n<p>Liebe G\u00e4ste!<br \/>\nEndlich d\u00fcrfen wir als Neue Betreiber Modernisierungen des Betriebes planen, die Jahrelang verschleppt worden sind.<br \/>\nDa wir insoweit auch auf beh\u00f6rdliche Genehmigungen angewiesen sind, k\u00f6nnen diese nur schrittweise umgesetzt werden.<br \/>\nDie Schlagl\u00f6cher unserer Zufahrtsstra\u00dfe wurden bereits aktuell verf\u00fcllt.<br \/>\nWeitere Ma\u00dfnahmen folgen in K\u00fcrze, \u00fcber deren Fortschritt halten wir Sie auf unserer Homepage auf dem Laufenden.<br \/>\nVielen Dank f\u00fcr Ihr Verst\u00e4ndnis!<\/p>\n<p><span style=\"color: #0000ff;\">Euer Team der Zornigen Ameise<\/span><\/p>\n<\/div><\/div><\/div><\/div><\/div><\/div><\/div><\/section>\n<\/section>","protected":false},"excerpt":{"rendered":"Aktuelle NEWS von der Zornigen Ameise Show MoreShow LessEs geht wieder los &#8230; Sommer, Sonne &#8230; und leckere Getr\u00e4nke am See &#8230;Ab jetzt &#8211; leckeres Eis aus unserem sch\u00f6nen neuen Eiswagen- verschiedene Sorten- jetzt probieren und in der Sonne genie\u00dfen&#8230; NEU! Leckers Eis- verschiedene Sorten &#8211; jetzt probieren !Hallo liebe G\u00e4ste und Freunde der Zornigen...","protected":false},"author":2,"featured_media":0,"parent":0,"menu_order":0,"comment_status":"closed","ping_status":"closed","template":"","meta":{"footnotes":""},"class_list":["post-714","page","type-page","status-publish","hentry"],"yoast_head":"<!-- This site is optimized with the Yoast SEO plugin v25.5 - https:\/\/yoast.com\/wordpress\/plugins\/seo\/ -->\n<title>Zornige Ameise<\/title>\n<meta name=\"description\" content=\"Genie\u00dfen Sie in unserem Biergarten die hervorragende Qualit\u00e4t unserer K\u00fcche in geselliger und idyllischer Atmosph\u00e4re. Leckere Speisen und eine Vielzahl an erfrischenden Getr\u00e4nke zu vern\u00fcnftigen Preisen. Bratwurst, Burger, Schnitzel &amp; Co. sowie Kaffee, Kuchen und Waffeln\" \/>\n<meta name=\"robots\" content=\"index, follow, max-snippet:-1, max-image-preview:large, max-video-preview:-1\" \/>\n<link rel=\"canonical\" href=\"https:\/\/zornige-ameise.app\/startseite\/aktuelle-news\/\" \/>\n<meta property=\"og:locale\" content=\"de_DE\" \/>\n<meta property=\"og:type\" content=\"article\" \/>\n<meta property=\"og:title\" content=\"Zornige Ameise\" \/>\n<meta property=\"og:description\" content=\"Genie\u00dfen Sie in unserem Biergarten die hervorragende Qualit\u00e4t unserer K\u00fcche in geselliger und idyllischer Atmosph\u00e4re. Leckere Speisen und eine Vielzahl an erfrischenden Getr\u00e4nke zu vern\u00fcnftigen Preisen. Bratwurst, Burger, Schnitzel &amp; Co. sowie Kaffee, Kuchen und Waffeln\" \/>\n<meta property=\"og:url\" content=\"https:\/\/zornige-ameise.app\/startseite\/aktuelle-news\/\" \/>\n<meta property=\"og:site_name\" content=\"Zornige Ameise\" \/>\n<meta property=\"article:modified_time\" content=\"2025-06-13T10:19:36+00:00\" \/>\n<meta name=\"twitter:card\" content=\"summary_large_image\" \/>\n<meta name=\"twitter:label1\" content=\"Gesch\u00e4tzte Lesezeit\" \/>\n\t<meta name=\"twitter:data1\" content=\"2\u00a0Minuten\" \/>\n<script type=\"application\/ld+json\" class=\"yoast-schema-graph\">{\"@context\":\"https:\/\/schema.org\",\"@graph\":[{\"@type\":\"WebPage\",\"@id\":\"https:\/\/zornige-ameise.app\/startseite\/aktuelle-news\/\",\"url\":\"https:\/\/zornige-ameise.app\/startseite\/aktuelle-news\/\",\"name\":\"Zornige Ameise\",\"isPartOf\":{\"@id\":\"https:\/\/zornige-ameise.app\/startseite\/#website\"},\"datePublished\":\"2023-07-09T05:58:44+00:00\",\"dateModified\":\"2025-06-13T10:19:36+00:00\",\"description\":\"Genie\u00dfen Sie in unserem Biergarten die hervorragende Qualit\u00e4t unserer K\u00fcche in geselliger und idyllischer Atmosph\u00e4re. Leckere Speisen und eine Vielzahl an erfrischenden Getr\u00e4nke zu vern\u00fcnftigen Preisen. Bratwurst, Burger, Schnitzel & Co. sowie Kaffee, Kuchen und Waffeln\",\"breadcrumb\":{\"@id\":\"https:\/\/zornige-ameise.app\/startseite\/aktuelle-news\/#breadcrumb\"},\"inLanguage\":\"de\",\"potentialAction\":[{\"@type\":\"ReadAction\",\"target\":[\"https:\/\/zornige-ameise.app\/startseite\/aktuelle-news\/\"]}]},{\"@type\":\"BreadcrumbList\",\"@id\":\"https:\/\/zornige-ameise.app\/startseite\/aktuelle-news\/#breadcrumb\",\"itemListElement\":[{\"@type\":\"ListItem\",\"position\":1,\"name\":\"Startseite\",\"item\":\"https:\/\/zornige-ameise.app\/startseite\/\"},{\"@type\":\"ListItem\",\"position\":2,\"name\":\"Aktuelle News\"}]},{\"@type\":\"WebSite\",\"@id\":\"https:\/\/zornige-ameise.app\/startseite\/#website\",\"url\":\"https:\/\/zornige-ameise.app\/startseite\/\",\"name\":\"Zornige Ameise\",\"description\":\"Die Ausflugsgastronomie an der Bevertalsperre\",\"potentialAction\":[{\"@type\":\"SearchAction\",\"target\":{\"@type\":\"EntryPoint\",\"urlTemplate\":\"https:\/\/zornige-ameise.app\/startseite\/?s={search_term_string}\"},\"query-input\":{\"@type\":\"PropertyValueSpecification\",\"valueRequired\":true,\"valueName\":\"search_term_string\"}}],\"inLanguage\":\"de\"}]}<\/script>\n<!-- \/ Yoast SEO plugin. -->","yoast_head_json":{"title":"Zornige Ameise","description":"Genie\u00dfen Sie in unserem Biergarten die hervorragende Qualit\u00e4t unserer K\u00fcche in geselliger und idyllischer Atmosph\u00e4re. Leckere Speisen und eine Vielzahl an erfrischenden Getr\u00e4nke zu vern\u00fcnftigen Preisen. Bratwurst, Burger, Schnitzel & Co. sowie Kaffee, Kuchen und Waffeln","robots":{"index":"index","follow":"follow","max-snippet":"max-snippet:-1","max-image-preview":"max-image-preview:large","max-video-preview":"max-video-preview:-1"},"canonical":"https:\/\/zornige-ameise.app\/startseite\/aktuelle-news\/","og_locale":"de_DE","og_type":"article","og_title":"Zornige Ameise","og_description":"Genie\u00dfen Sie in unserem Biergarten die hervorragende Qualit\u00e4t unserer K\u00fcche in geselliger und idyllischer Atmosph\u00e4re. Leckere Speisen und eine Vielzahl an erfrischenden Getr\u00e4nke zu vern\u00fcnftigen Preisen. Bratwurst, Burger, Schnitzel & Co. sowie Kaffee, Kuchen und Waffeln","og_url":"https:\/\/zornige-ameise.app\/startseite\/aktuelle-news\/","og_site_name":"Zornige Ameise","article_modified_time":"2025-06-13T10:19:36+00:00","twitter_card":"summary_large_image","twitter_misc":{"Gesch\u00e4tzte Lesezeit":"2\u00a0Minuten"},"schema":{"@context":"https:\/\/schema.org","@graph":[{"@type":"WebPage","@id":"https:\/\/zornige-ameise.app\/startseite\/aktuelle-news\/","url":"https:\/\/zornige-ameise.app\/startseite\/aktuelle-news\/","name":"Zornige Ameise","isPartOf":{"@id":"https:\/\/zornige-ameise.app\/startseite\/#website"},"datePublished":"2023-07-09T05:58:44+00:00","dateModified":"2025-06-13T10:19:36+00:00","description":"Genie\u00dfen Sie in unserem Biergarten die hervorragende Qualit\u00e4t unserer K\u00fcche in geselliger und idyllischer Atmosph\u00e4re. Leckere Speisen und eine Vielzahl an erfrischenden Getr\u00e4nke zu vern\u00fcnftigen Preisen. Bratwurst, Burger, Schnitzel & Co. sowie Kaffee, Kuchen und Waffeln","breadcrumb":{"@id":"https:\/\/zornige-ameise.app\/startseite\/aktuelle-news\/#breadcrumb"},"inLanguage":"de","potentialAction":[{"@type":"ReadAction","target":["https:\/\/zornige-ameise.app\/startseite\/aktuelle-news\/"]}]},{"@type":"BreadcrumbList","@id":"https:\/\/zornige-ameise.app\/startseite\/aktuelle-news\/#breadcrumb","itemListElement":[{"@type":"ListItem","position":1,"name":"Startseite","item":"https:\/\/zornige-ameise.app\/startseite\/"},{"@type":"ListItem","position":2,"name":"Aktuelle News"}]},{"@type":"WebSite","@id":"https:\/\/zornige-ameise.app\/startseite\/#website","url":"https:\/\/zornige-ameise.app\/startseite\/","name":"Zornige Ameise","description":"Die Ausflugsgastronomie an der Bevertalsperre","potentialAction":[{"@type":"SearchAction","target":{"@type":"EntryPoint","urlTemplate":"https:\/\/zornige-ameise.app\/startseite\/?s={search_term_string}"},"query-input":{"@type":"PropertyValueSpecification","valueRequired":true,"valueName":"search_term_string"}}],"inLanguage":"de"}]}},"_links":{"self":[{"href":"https:\/\/zornige-ameise.app\/startseite\/wp-json\/wp\/v2\/pages\/714","targetHints":{"allow":["GET"]}}],"collection":[{"href":"https:\/\/zornige-ameise.app\/startseite\/wp-json\/wp\/v2\/pages"}],"about":[{"href":"https:\/\/zornige-ameise.app\/startseite\/wp-json\/wp\/v2\/types\/page"}],"author":[{"embeddable":true,"href":"https:\/\/zornige-ameise.app\/startseite\/wp-json\/wp\/v2\/users\/2"}],"replies":[{"embeddable":true,"href":"https:\/\/zornige-ameise.app\/startseite\/wp-json\/wp\/v2\/comments?post=714"}],"version-history":[{"count":36,"href":"https:\/\/zornige-ameise.app\/startseite\/wp-json\/wp\/v2\/pages\/714\/revisions"}],"predecessor-version":[{"id":874,"href":"https:\/\/zornige-ameise.app\/startseite\/wp-json\/wp\/v2\/pages\/714\/revisions\/874"}],"wp:attachment":[{"href":"https:\/\/zornige-ameise.app\/startseite\/wp-json\/wp\/v2\/media?parent=714"}],"curies":[{"name":"wp","href":"https:\/\/api.w.org\/{rel}","templated":true}]}}