{"id":86,"date":"2021-10-20T14:02:30","date_gmt":"2021-10-20T12:02:30","guid":{"rendered":"https:\/\/zornige-ameise.app\/?page_id=86"},"modified":"2026-03-01T13:06:26","modified_gmt":"2026-03-01T12:06:26","slug":"impressum","status":"publish","type":"page","link":"https:\/\/zornige-ameise.app\/startseite\/impressum\/","title":{"rendered":"Impressum"},"content":{"rendered":"<h1><span style=\"color: #333333;\">Impressum<\/span><\/h1>\n<h2><span style=\"color: #333333;\">Angaben gem\u00e4\u00df \u00a7 5 TMG<\/span><\/h2>\n<p><span style=\"color: #333333;\">Seestern Gastro &amp; Freizeitbetriebe UG (haftungsbeschr\u00e4nkt)<\/span><br \/>\n<span style=\"color: #333333;\">Gro\u00dfberghausen 2<\/span><br \/>\n<span style=\"color: #333333;\">Zornige Ameise<\/span><br \/>\n<span style=\"color: #333333;\">42499 H\u00fcckeswagen<\/span><\/p>\n<p><span style=\"color: #333333;\">Handelsregister: HRB 106033<\/span><br \/>\n<span style=\"color: #333333;\">Registergericht: Amtsgericht K\u00f6ln<\/span><\/p>\n<p><span style=\"color: #333333;\"><strong>Vertreten durch:<\/strong><\/span><br \/>\n<span style=\"color: #333333;\">Frau Janeta Przybylska<\/span><\/p>\n<h2><span style=\"color: #333333;\">Kontakt<\/span><\/h2>\n<h4><span style=\"color: #333333;\">Telefon:<br \/>\n<span style=\"color: #ff00ff;\"><br \/>\n<\/span><\/span><br \/>\n<span style=\"color: #333333;\">E-Mail:\u00a0 \u00a0post@zornige-ameise.app<\/span><\/h4>\n<h2><span style=\"color: #333333;\">Redaktionell verantwortlich<\/span><\/h2>\n<p><span style=\"color: #333333;\">Frau Janeta Przybylska<\/span><\/p>\n<h2><span style=\"color: #333333;\">EU-Streitschlichtung<\/span><\/h2>\n<p><span style=\"color: #333333;\">Die Europ\u00e4ische Kommission stellt eine Plattform zur Online-Streitbeilegung (OS) bereit: <a style=\"color: #333333;\" href=\"https:\/\/ec.europa.eu\/consumers\/odr\/\" target=\"_blank\" rel=\"noopener noreferrer\">https:\/\/ec.europa.eu\/consumers\/odr\/<\/a>.<\/span><br \/>\n<span style=\"color: #333333;\">Unsere E-Mail-Adresse finden Sie oben im Impressum.<\/span><\/p>\n<h2><span style=\"color: #333333;\">Verbraucher\u00adstreit\u00adbeilegung\/Universal\u00adschlichtungs\u00adstelle<\/span><\/h2>\n<p><span style=\"color: #333333;\">Wir nehmen an einem Streitbeilegungsverfahren vor einer Verbraucherschlichtungsstelle teil. Zust\u00e4ndig ist die Universalschlichtungsstelle des Zentrums f\u00fcr Schlichtung e.V., Stra\u00dfburger Stra\u00dfe 8, 77694 Kehl am Rhein (<\/span><a href=\"https:\/\/www.verbraucher-schlichter.de\" target=\"_blank\" rel=\"noopener noreferrer\">https:\/\/www.verbraucher-schlichter.de<\/a>).<\/p>\n","protected":false},"excerpt":{"rendered":"<p>Impressum Angaben gem\u00e4\u00df \u00a7 5 TMG Seestern Gastro &amp; Freizeitbetriebe UG (haftungsbeschr\u00e4nkt) Gro\u00dfberghausen 2 Zornige Ameise 42499 H\u00fcckeswagen Handelsregister: HRB 106033 Registergericht: Amtsgericht K\u00f6ln Vertreten durch: Frau Janeta Przybylska Kontakt Telefon: E-Mail:\u00a0 \u00a0post@zornige-ameise.app Redaktionell verantwortlich Frau Janeta Przybylska EU-Streitschlichtung Die Europ\u00e4ische Kommission stellt eine Plattform zur Online-Streitbeilegung (OS) bereit: https:\/\/ec.europa.eu\/consumers\/odr\/. Unsere E-Mail-Adresse finden Sie oben&#8230;<\/p>\n","protected":false},"author":1,"featured_media":0,"parent":0,"menu_order":0,"comment_status":"closed","ping_status":"closed","template":"","meta":{"footnotes":""},"class_list":["post-86","page","type-page","status-publish","hentry"],"yoast_head":"<!-- This site is optimized with the Yoast SEO plugin v25.5 - https:\/\/yoast.com\/wordpress\/plugins\/seo\/ -->\n<title>Impressum - Zornige Ameise<\/title>\n<meta name=\"robots\" content=\"index, follow, max-snippet:-1, max-image-preview:large, max-video-preview:-1\" \/>\n<link rel=\"canonical\" href=\"https:\/\/zornige-ameise.app\/startseite\/impressum\/\" \/>\n<meta property=\"og:locale\" content=\"de_DE\" \/>\n<meta property=\"og:type\" content=\"article\" \/>\n<meta property=\"og:title\" content=\"Impressum - Zornige Ameise\" \/>\n<meta property=\"og:description\" content=\"Impressum Angaben gem\u00e4\u00df \u00a7 5 TMG Seestern Gastro &amp; Freizeitbetriebe UG (haftungsbeschr\u00e4nkt) Gro\u00dfberghausen 2 Zornige Ameise 42499 H\u00fcckeswagen Handelsregister: HRB 106033 Registergericht: Amtsgericht K\u00f6ln Vertreten durch: Frau Janeta Przybylska Kontakt Telefon: E-Mail:\u00a0 \u00a0post@zornige-ameise.app Redaktionell verantwortlich Frau Janeta Przybylska EU-Streitschlichtung Die Europ\u00e4ische Kommission stellt eine Plattform zur Online-Streitbeilegung (OS) bereit: https:\/\/ec.europa.eu\/consumers\/odr\/. Unsere E-Mail-Adresse finden Sie oben...\" \/>\n<meta property=\"og:url\" content=\"https:\/\/zornige-ameise.app\/startseite\/impressum\/\" \/>\n<meta property=\"og:site_name\" content=\"Zornige Ameise\" \/>\n<meta property=\"article:modified_time\" content=\"2026-03-01T12:06:26+00:00\" \/>\n<meta name=\"twitter:card\" content=\"summary_large_image\" \/>\n<meta name=\"twitter:label1\" content=\"Gesch\u00e4tzte Lesezeit\" \/>\n\t<meta name=\"twitter:data1\" content=\"1\u00a0Minute\" \/>\n<script type=\"application\/ld+json\" class=\"yoast-schema-graph\">{\"@context\":\"https:\/\/schema.org\",\"@graph\":[{\"@type\":\"WebPage\",\"@id\":\"https:\/\/zornige-ameise.app\/startseite\/impressum\/\",\"url\":\"https:\/\/zornige-ameise.app\/startseite\/impressum\/\",\"name\":\"Impressum - Zornige Ameise\",\"isPartOf\":{\"@id\":\"https:\/\/zornige-ameise.app\/startseite\/#website\"},\"datePublished\":\"2021-10-20T12:02:30+00:00\",\"dateModified\":\"2026-03-01T12:06:26+00:00\",\"breadcrumb\":{\"@id\":\"https:\/\/zornige-ameise.app\/startseite\/impressum\/#breadcrumb\"},\"inLanguage\":\"de\",\"potentialAction\":[{\"@type\":\"ReadAction\",\"target\":[\"https:\/\/zornige-ameise.app\/startseite\/impressum\/\"]}]},{\"@type\":\"BreadcrumbList\",\"@id\":\"https:\/\/zornige-ameise.app\/startseite\/impressum\/#breadcrumb\",\"itemListElement\":[{\"@type\":\"ListItem\",\"position\":1,\"name\":\"Startseite\",\"item\":\"https:\/\/zornige-ameise.app\/startseite\/\"},{\"@type\":\"ListItem\",\"position\":2,\"name\":\"Impressum\"}]},{\"@type\":\"WebSite\",\"@id\":\"https:\/\/zornige-ameise.app\/startseite\/#website\",\"url\":\"https:\/\/zornige-ameise.app\/startseite\/\",\"name\":\"Zornige Ameise\",\"description\":\"Die Ausflugsgastronomie an der Bevertalsperre\",\"potentialAction\":[{\"@type\":\"SearchAction\",\"target\":{\"@type\":\"EntryPoint\",\"urlTemplate\":\"https:\/\/zornige-ameise.app\/startseite\/?s={search_term_string}\"},\"query-input\":{\"@type\":\"PropertyValueSpecification\",\"valueRequired\":true,\"valueName\":\"search_term_string\"}}],\"inLanguage\":\"de\"}]}<\/script>\n<!-- \/ Yoast SEO plugin. -->","yoast_head_json":{"title":"Impressum - Zornige Ameise","robots":{"index":"index","follow":"follow","max-snippet":"max-snippet:-1","max-image-preview":"max-image-preview:large","max-video-preview":"max-video-preview:-1"},"canonical":"https:\/\/zornige-ameise.app\/startseite\/impressum\/","og_locale":"de_DE","og_type":"article","og_title":"Impressum - Zornige Ameise","og_description":"Impressum Angaben gem\u00e4\u00df \u00a7 5 TMG Seestern Gastro &amp; Freizeitbetriebe UG (haftungsbeschr\u00e4nkt) Gro\u00dfberghausen 2 Zornige Ameise 42499 H\u00fcckeswagen Handelsregister: HRB 106033 Registergericht: Amtsgericht K\u00f6ln Vertreten durch: Frau Janeta Przybylska Kontakt Telefon: E-Mail:\u00a0 \u00a0post@zornige-ameise.app Redaktionell verantwortlich Frau Janeta Przybylska EU-Streitschlichtung Die Europ\u00e4ische Kommission stellt eine Plattform zur Online-Streitbeilegung (OS) bereit: https:\/\/ec.europa.eu\/consumers\/odr\/. Unsere E-Mail-Adresse finden Sie oben...","og_url":"https:\/\/zornige-ameise.app\/startseite\/impressum\/","og_site_name":"Zornige Ameise","article_modified_time":"2026-03-01T12:06:26+00:00","twitter_card":"summary_large_image","twitter_misc":{"Gesch\u00e4tzte Lesezeit":"1\u00a0Minute"},"schema":{"@context":"https:\/\/schema.org","@graph":[{"@type":"WebPage","@id":"https:\/\/zornige-ameise.app\/startseite\/impressum\/","url":"https:\/\/zornige-ameise.app\/startseite\/impressum\/","name":"Impressum - Zornige Ameise","isPartOf":{"@id":"https:\/\/zornige-ameise.app\/startseite\/#website"},"datePublished":"2021-10-20T12:02:30+00:00","dateModified":"2026-03-01T12:06:26+00:00","breadcrumb":{"@id":"https:\/\/zornige-ameise.app\/startseite\/impressum\/#breadcrumb"},"inLanguage":"de","potentialAction":[{"@type":"ReadAction","target":["https:\/\/zornige-ameise.app\/startseite\/impressum\/"]}]},{"@type":"BreadcrumbList","@id":"https:\/\/zornige-ameise.app\/startseite\/impressum\/#breadcrumb","itemListElement":[{"@type":"ListItem","position":1,"name":"Startseite","item":"https:\/\/zornige-ameise.app\/startseite\/"},{"@type":"ListItem","position":2,"name":"Impressum"}]},{"@type":"WebSite","@id":"https:\/\/zornige-ameise.app\/startseite\/#website","url":"https:\/\/zornige-ameise.app\/startseite\/","name":"Zornige Ameise","description":"Die Ausflugsgastronomie an der Bevertalsperre","potentialAction":[{"@type":"SearchAction","target":{"@type":"EntryPoint","urlTemplate":"https:\/\/zornige-ameise.app\/startseite\/?s={search_term_string}"},"query-input":{"@type":"PropertyValueSpecification","valueRequired":true,"valueName":"search_term_string"}}],"inLanguage":"de"}]}},"_links":{"self":[{"href":"https:\/\/zornige-ameise.app\/startseite\/wp-json\/wp\/v2\/pages\/86","targetHints":{"allow":["GET"]}}],"collection":[{"href":"https:\/\/zornige-ameise.app\/startseite\/wp-json\/wp\/v2\/pages"}],"about":[{"href":"https:\/\/zornige-ameise.app\/startseite\/wp-json\/wp\/v2\/types\/page"}],"author":[{"embeddable":true,"href":"https:\/\/zornige-ameise.app\/startseite\/wp-json\/wp\/v2\/users\/1"}],"replies":[{"embeddable":true,"href":"https:\/\/zornige-ameise.app\/startseite\/wp-json\/wp\/v2\/comments?post=86"}],"version-history":[{"count":11,"href":"https:\/\/zornige-ameise.app\/startseite\/wp-json\/wp\/v2\/pages\/86\/revisions"}],"predecessor-version":[{"id":882,"href":"https:\/\/zornige-ameise.app\/startseite\/wp-json\/wp\/v2\/pages\/86\/revisions\/882"}],"wp:attachment":[{"href":"https:\/\/zornige-ameise.app\/startseite\/wp-json\/wp\/v2\/media?parent=86"}],"curies":[{"name":"wp","href":"https:\/\/api.w.org\/{rel}","templated":true}]}}